{"id":10,"date":"2026-02-24T07:55:09","date_gmt":"2026-02-24T07:55:09","guid":{"rendered":"https:\/\/www.justaflow.pl\/?page_id=10"},"modified":"2026-03-18T13:54:33","modified_gmt":"2026-03-18T13:54:33","slug":"home","status":"publish","type":"page","link":"https:\/\/www.justaflow.pl\/","title":{"rendered":"Home"},"content":{"rendered":"\t\t<div data-elementor-type=\"wp-page\" data-elementor-id=\"10\" class=\"elementor elementor-10\">\n\t\t\t\t<div class=\"elementor-element elementor-element-cc334fe e-con-full e-flex e-con e-parent\" data-id=\"cc334fe\" data-element_type=\"container\" data-e-type=\"container\">\n\t\t<div class=\"elementor-element elementor-element-89b0a6b e-con-full e-flex e-con e-child\" data-id=\"89b0a6b\" data-element_type=\"container\" data-e-type=\"container\">\n\t\t\t\t<div class=\"elementor-element elementor-element-2f311c0 elementor-widget elementor-widget-heading\" data-id=\"2f311c0\" data-element_type=\"widget\" data-e-type=\"widget\" data-widget_type=\"heading.default\">\n\t\t\t\t\t<h2 class=\"elementor-heading-title elementor-size-default\">Znajd\u017a sw\u00f3j flow w j\u0119zyku angielskim<\/h2>\t\t\t\t<\/div>\n\t\t\t\t<div class=\"elementor-element elementor-element-60d00df elementor-widget elementor-widget-text-editor\" data-id=\"60d00df\" data-element_type=\"widget\" data-e-type=\"widget\" data-widget_type=\"text-editor.default\">\n\t\t\t\t\t\t\t\t\t<p>Prze\u0142am bariery, zacznij m\u00f3wi\u0107 swobodnie i poczuj lekko\u015b\u0107 w ka\u017cdej rozmowie. Indywidualne lekcje online dopasowane do Twojego tempa.<\/p>\t\t\t\t\t\t\t\t<\/div>\n\t\t\t\t<div class=\"elementor-element elementor-element-7f9079c elementor-widget elementor-widget-button\" data-id=\"7f9079c\" data-element_type=\"widget\" data-e-type=\"widget\" data-widget_type=\"button.default\">\n\t\t\t\t\t\t\t\t\t\t<a class=\"elementor-button elementor-button-link elementor-size-sm\" href=\"#\">\n\t\t\t\t\t\t<span class=\"elementor-button-content-wrapper\">\n\t\t\t\t\t\t\t\t\t<span class=\"elementor-button-text\">Um\u00f3w si\u0119 na lekcj\u0119 pr\u00f3bn\u0105<\/span>\n\t\t\t\t\t<\/span>\n\t\t\t\t\t<\/a>\n\t\t\t\t\t\t\t\t<\/div>\n\t\t\t\t<\/div>\n\t\t<div class=\"elementor-element elementor-element-bf7963f e-con-full e-flex e-con e-child\" data-id=\"bf7963f\" data-element_type=\"container\" data-e-type=\"container\">\n\t\t\t\t<\/div>\n\t\t\t\t<\/div>\n\t\t\t\t<\/div>\n\t\t","protected":false},"excerpt":{"rendered":"<p>Znajd\u017a sw\u00f3j flow w j\u0119zyku angielskim Prze\u0142am bariery, zacznij m\u00f3wi\u0107 swobodnie i poczuj lekko\u015b\u0107 w ka\u017cdej rozmowie. Indywidualne lekcje online dopasowane do Twojego tempa. Um\u00f3w si\u0119 na lekcj\u0119 pr\u00f3bn\u0105<\/p>\n","protected":false},"author":1,"featured_media":0,"parent":0,"menu_order":0,"comment_status":"closed","ping_status":"closed","template":"elementor_header_footer","meta":{"footnotes":""},"class_list":["post-10","page","type-page","status-publish","hentry"],"_links":{"self":[{"href":"https:\/\/www.justaflow.pl\/index.php?rest_route=\/wp\/v2\/pages\/10","targetHints":{"allow":["GET"]}}],"collection":[{"href":"https:\/\/www.justaflow.pl\/index.php?rest_route=\/wp\/v2\/pages"}],"about":[{"href":"https:\/\/www.justaflow.pl\/index.php?rest_route=\/wp\/v2\/types\/page"}],"author":[{"embeddable":true,"href":"https:\/\/www.justaflow.pl\/index.php?rest_route=\/wp\/v2\/users\/1"}],"replies":[{"embeddable":true,"href":"https:\/\/www.justaflow.pl\/index.php?rest_route=%2Fwp%2Fv2%2Fcomments&post=10"}],"version-history":[{"count":16,"href":"https:\/\/www.justaflow.pl\/index.php?rest_route=\/wp\/v2\/pages\/10\/revisions"}],"predecessor-version":[{"id":38,"href":"https:\/\/www.justaflow.pl\/index.php?rest_route=\/wp\/v2\/pages\/10\/revisions\/38"}],"wp:attachment":[{"href":"https:\/\/www.justaflow.pl\/index.php?rest_route=%2Fwp%2Fv2%2Fmedia&parent=10"}],"curies":[{"name":"wp","href":"https:\/\/api.w.org\/{rel}","templated":true}]}}